{"id":867,"date":"2021-10-08T11:01:40","date_gmt":"2021-10-08T09:01:40","guid":{"rendered":"https:\/\/cpsystem2.kylos.pl\/saslogistic.pl\/?page_id=867"},"modified":"2023-05-31T10:24:43","modified_gmt":"2023-05-31T08:24:43","slug":"pracownicy-z-ukrainy","status":"publish","type":"page","link":"https:\/\/saslogistic.pl\/cs\/pracownicy-z-ukrainy\/","title":{"rendered":"Pracownicy z Ukrainy"},"content":{"rendered":"<div data-elementor-type=\"wp-page\" data-elementor-id=\"867\" class=\"elementor elementor-867\" data-elementor-post-type=\"page\">\n\t\t\t\t\t\t\t\t\t<section class=\"elementor-section elementor-top-section elementor-element elementor-element-d66f538 elementor-section-height-min-height elementor-section-boxed elementor-section-height-default elementor-section-items-middle\" data-id=\"d66f538\" data-element_type=\"section\" data-settings=\"{&quot;background_background&quot;:&quot;classic&quot;}\">\n\t\t\t\t\t\t<div class=\"elementor-container elementor-column-gap-default\">\n\t\t\t\t\t<div class=\"elementor-column elementor-col-50 elementor-top-column elementor-element elementor-element-58ef0d1\" data-id=\"58ef0d1\" data-element_type=\"column\">\n\t\t\t<div class=\"elementor-widget-wrap elementor-element-populated\">\n\t\t\t\t\t\t\t\t<div class=\"elementor-element elementor-element-d74b42b elementor-widget elementor-widget-heading\" data-id=\"d74b42b\" data-element_type=\"widget\" data-widget_type=\"heading.default\">\n\t\t\t\t<div class=\"elementor-widget-container\">\n\t\t\t<style>\/*! elementor - v3.18.0 - 08-12-2023 *\/\n.elementor-heading-title{padding:0;margin:0;line-height:1}.elementor-widget-heading .elementor-heading-title[class*=elementor-size-]>a{color:inherit;font-size:inherit;line-height:inherit}.elementor-widget-heading .elementor-heading-title.elementor-size-small{font-size:15px}.elementor-widget-heading .elementor-heading-title.elementor-size-medium{font-size:19px}.elementor-widget-heading .elementor-heading-title.elementor-size-large{font-size:29px}.elementor-widget-heading .elementor-heading-title.elementor-size-xl{font-size:39px}.elementor-widget-heading .elementor-heading-title.elementor-size-xxl{font-size:59px}<\/style><h1 class=\"elementor-heading-title elementor-size-default\">Pracownicy sezonowi z Ukrainy<br \/>\n<small>rola agencji pracy<\/small><\/h1>\t\t<\/div>\n\t\t\t\t<\/div>\n\t\t\t\t<div class=\"elementor-element elementor-element-2fd9fb4 elementor-widget elementor-widget-shortcode\" data-id=\"2fd9fb4\" data-element_type=\"widget\" data-widget_type=\"shortcode.default\">\n\t\t\t\t<div class=\"elementor-widget-container\">\n\t\t\t\t\t<div class=\"elementor-shortcode\"><nav aria-label=\"breadcrumbs\" class=\"rank-math-breadcrumb\"><p><span class=\"last\">Start<\/span><\/p><\/nav><\/div>\n\t\t\t\t<\/div>\n\t\t\t\t<\/div>\n\t\t\t\t\t<\/div>\n\t\t<\/div>\n\t\t\t\t<div class=\"elementor-column elementor-col-50 elementor-top-column elementor-element elementor-element-93cb7ed\" data-id=\"93cb7ed\" data-element_type=\"column\">\n\t\t\t<div class=\"elementor-widget-wrap\">\n\t\t\t\t\t\t\t\t\t<\/div>\n\t\t<\/div>\n\t\t\t\t\t\t\t<\/div>\n\t\t<\/section>\n\t\t\t\t<section class=\"elementor-section elementor-top-section elementor-element elementor-element-6422964 elementor-section-boxed elementor-section-height-default elementor-section-height-default\" data-id=\"6422964\" data-element_type=\"section\" data-settings=\"{&quot;background_background&quot;:&quot;classic&quot;}\">\n\t\t\t\t\t\t<div class=\"elementor-container elementor-column-gap-extended\">\n\t\t\t\t\t<div class=\"elementor-column elementor-col-100 elementor-top-column elementor-element elementor-element-6e51420\" data-id=\"6e51420\" data-element_type=\"column\">\n\t\t\t<div class=\"elementor-widget-wrap elementor-element-populated\">\n\t\t\t\t\t\t\t\t<div class=\"elementor-element elementor-element-15a39e3 elementor-widget elementor-widget-heading\" data-id=\"15a39e3\" data-element_type=\"widget\" data-widget_type=\"heading.default\">\n\t\t\t\t<div class=\"elementor-widget-container\">\n\t\t\t<h2 class=\"elementor-heading-title elementor-size-default\">Pracownicy z Ukrainy w firmie. Jak uzyska\u0107 wsparcie w zatrudnieniu obcokrajowc\u00f3w?<\/h2>\t\t<\/div>\n\t\t\t\t<\/div>\n\t\t\t\t<section class=\"elementor-section elementor-inner-section elementor-element elementor-element-8785e7f elementor-section-boxed elementor-section-height-default elementor-section-height-default\" data-id=\"8785e7f\" data-element_type=\"section\" data-settings=\"{&quot;background_background&quot;:&quot;classic&quot;,&quot;shape_divider_bottom&quot;:&quot;tilt&quot;}\">\n\t\t\t\t\t<div class=\"elementor-shape elementor-shape-bottom\" data-negative=\"false\">\n\t\t\t<svg xmlns=\"http:\/\/www.w3.org\/2000\/svg\" viewbox=\"0 0 1000 100\" preserveaspectratio=\"none\">\n\t<path class=\"elementor-shape-fill\" d=\"M0,6V0h1000v100L0,6z\"\/>\n<\/svg>\t\t<\/div>\n\t\t\t\t\t<div class=\"elementor-container elementor-column-gap-no\">\n\t\t\t\t\t<div class=\"elementor-column elementor-col-100 elementor-inner-column elementor-element elementor-element-9152380\" data-id=\"9152380\" data-element_type=\"column\">\n\t\t\t<div class=\"elementor-widget-wrap elementor-element-populated\">\n\t\t\t\t\t\t\t\t<div class=\"elementor-element elementor-element-9fa8f11 elementor-widget elementor-widget-text-editor\" data-id=\"9fa8f11\" data-element_type=\"widget\" data-widget_type=\"text-editor.default\">\n\t\t\t\t<div class=\"elementor-widget-container\">\n\t\t\t<style>\/*! elementor - v3.18.0 - 08-12-2023 *\/\n.elementor-widget-text-editor.elementor-drop-cap-view-stacked .elementor-drop-cap{background-color:#69727d;color:#fff}.elementor-widget-text-editor.elementor-drop-cap-view-framed .elementor-drop-cap{color:#69727d;border:3px solid;background-color:transparent}.elementor-widget-text-editor:not(.elementor-drop-cap-view-default) .elementor-drop-cap{margin-top:8px}.elementor-widget-text-editor:not(.elementor-drop-cap-view-default) .elementor-drop-cap-letter{width:1em;height:1em}.elementor-widget-text-editor .elementor-drop-cap{float:left;text-align:center;line-height:1;font-size:50px}.elementor-widget-text-editor .elementor-drop-cap-letter{display:inline-block}<\/style>\t\t\t\t<p>Twoja firma do\u015bwiadcza brak\u00f3w kadrowych? Je\u015bli chcesz zatrudni\u0107 pracownik\u00f3w tymczasowych nie obci\u0105\u017caj\u0105c zbytnio bud\u017cetu, skorzystaj z firmy zewn\u0119trznej. Zyskaj pe\u0142ne wsparcie w rekrutacji i zatrudnieniu <strong>pracownik\u00f3w z Ukrainy<\/strong>.<\/p>\t\t\t\t\t\t<\/div>\n\t\t\t\t<\/div>\n\t\t\t\t<div class=\"elementor-element elementor-element-43fc2e9 elementor-widget elementor-widget-heading\" data-id=\"43fc2e9\" data-element_type=\"widget\" data-widget_type=\"heading.default\">\n\t\t\t\t<div class=\"elementor-widget-container\">\n\t\t\t<h2 class=\"elementor-heading-title elementor-size-default\">SAS - kim jeste\u015bmy i czym si\u0119 zajmujemy?<\/h2>\t\t<\/div>\n\t\t\t\t<\/div>\n\t\t\t\t<div class=\"elementor-element elementor-element-bede503 elementor-widget-divider--view-line elementor-widget elementor-widget-divider\" data-id=\"bede503\" data-element_type=\"widget\" data-widget_type=\"divider.default\">\n\t\t\t\t<div class=\"elementor-widget-container\">\n\t\t\t<style>\/*! elementor - v3.18.0 - 08-12-2023 *\/\n.elementor-widget-divider{--divider-border-style:none;--divider-border-width:1px;--divider-color:#0c0d0e;--divider-icon-size:20px;--divider-element-spacing:10px;--divider-pattern-height:24px;--divider-pattern-size:20px;--divider-pattern-url:none;--divider-pattern-repeat:repeat-x}.elementor-widget-divider .elementor-divider{display:flex}.elementor-widget-divider .elementor-divider__text{font-size:15px;line-height:1;max-width:95%}.elementor-widget-divider .elementor-divider__element{margin:0 var(--divider-element-spacing);flex-shrink:0}.elementor-widget-divider .elementor-icon{font-size:var(--divider-icon-size)}.elementor-widget-divider .elementor-divider-separator{display:flex;margin:0;direction:ltr}.elementor-widget-divider--view-line_icon .elementor-divider-separator,.elementor-widget-divider--view-line_text .elementor-divider-separator{align-items:center}.elementor-widget-divider--view-line_icon .elementor-divider-separator:after,.elementor-widget-divider--view-line_icon .elementor-divider-separator:before,.elementor-widget-divider--view-line_text .elementor-divider-separator:after,.elementor-widget-divider--view-line_text .elementor-divider-separator:before{display:block;content:\"\";border-bottom:0;flex-grow:1;border-top:var(--divider-border-width) var(--divider-border-style) var(--divider-color)}.elementor-widget-divider--element-align-left .elementor-divider .elementor-divider-separator>.elementor-divider__svg:first-of-type{flex-grow:0;flex-shrink:100}.elementor-widget-divider--element-align-left .elementor-divider-separator:before{content:none}.elementor-widget-divider--element-align-left .elementor-divider__element{margin-left:0}.elementor-widget-divider--element-align-right .elementor-divider .elementor-divider-separator>.elementor-divider__svg:last-of-type{flex-grow:0;flex-shrink:100}.elementor-widget-divider--element-align-right .elementor-divider-separator:after{content:none}.elementor-widget-divider--element-align-right .elementor-divider__element{margin-right:0}.elementor-widget-divider:not(.elementor-widget-divider--view-line_text):not(.elementor-widget-divider--view-line_icon) .elementor-divider-separator{border-top:var(--divider-border-width) var(--divider-border-style) var(--divider-color)}.elementor-widget-divider--separator-type-pattern{--divider-border-style:none}.elementor-widget-divider--separator-type-pattern.elementor-widget-divider--view-line .elementor-divider-separator,.elementor-widget-divider--separator-type-pattern:not(.elementor-widget-divider--view-line) .elementor-divider-separator:after,.elementor-widget-divider--separator-type-pattern:not(.elementor-widget-divider--view-line) .elementor-divider-separator:before,.elementor-widget-divider--separator-type-pattern:not([class*=elementor-widget-divider--view]) .elementor-divider-separator{width:100%;min-height:var(--divider-pattern-height);-webkit-mask-size:var(--divider-pattern-size) 100%;mask-size:var(--divider-pattern-size) 100%;-webkit-mask-repeat:var(--divider-pattern-repeat);mask-repeat:var(--divider-pattern-repeat);background-color:var(--divider-color);-webkit-mask-image:var(--divider-pattern-url);mask-image:var(--divider-pattern-url)}.elementor-widget-divider--no-spacing{--divider-pattern-size:auto}.elementor-widget-divider--bg-round{--divider-pattern-repeat:round}.rtl .elementor-widget-divider .elementor-divider__text{direction:rtl}.e-con-inner>.elementor-widget-divider,.e-con>.elementor-widget-divider{width:var(--container-widget-width,100%);--flex-grow:var(--container-widget-flex-grow)}<\/style>\t\t<div class=\"elementor-divider\">\n\t\t\t<span class=\"elementor-divider-separator\">\n\t\t\t\t\t\t<\/span>\n\t\t<\/div>\n\t\t\t\t<\/div>\n\t\t\t\t<\/div>\n\t\t\t\t<div class=\"elementor-element elementor-element-1dbd5d8 elementor-widget elementor-widget-text-editor\" data-id=\"1dbd5d8\" data-element_type=\"widget\" data-widget_type=\"text-editor.default\">\n\t\t\t\t<div class=\"elementor-widget-container\">\n\t\t\t\t\t\t\t<p>Jeste\u015bmy agencj\u0105 pracy \u015bwiadcz\u0105c\u0105 kompleksowe us\u0142ugi zwi\u0105zane z poszukiwaniem pracownik\u00f3w ze Wschodu oraz legalizacj\u0105 pracy w Polsce. W spos\u00f3b dopasowany do aktualnych potrzeb twojej firmy przeprowadzamy <strong>rekrutacj\u0119 pracownik\u00f3w z Ukrainy<\/strong> i wspomagamy rozw\u00f3j twojego biznesu w sytuacji wi\u0119kszego zapotrzebowania kadrowego.<\/p><p><strong>Leasing pracownik\u00f3w z Ukrainy<\/strong><\/p><p>Potrzebujesz pracownik\u00f3w, kt\u00f3rzy wespr\u0105 twoj\u0105 dzia\u0142alno\u015b\u0107 w okresach zwi\u0119kszonej produkcji lub zapotrzebowania na us\u0142ugi? Skorzystaj z mo\u017cliwo\u015bci, jakie daje <strong>leasing pracownik\u00f3w<\/strong> prowadzony w profesjonalny i zorganizowany spos\u00f3b. Znajdziemy pracownik\u00f3w tymczasowych odpowiadaj\u0105cych na bie\u017c\u0105ce zapotrzebowanie twojej firmy. Zadbamy o odpowiednie do\u015bwiadczenie i zapewnimy legalny pobyt i zatrudnienie dla twojej organizacji.<\/p>\t\t\t\t\t\t<\/div>\n\t\t\t\t<\/div>\n\t\t\t\t<div class=\"elementor-element elementor-element-281174e elementor-widget elementor-widget-heading\" data-id=\"281174e\" data-element_type=\"widget\" data-widget_type=\"heading.default\">\n\t\t\t\t<div class=\"elementor-widget-container\">\n\t\t\t<h3 class=\"elementor-heading-title elementor-size-default\">Rekrutacja sta\u0142a pracownik\u00f3w ze wschodu<\/h3>\t\t<\/div>\n\t\t\t\t<\/div>\n\t\t\t\t<div class=\"elementor-element elementor-element-3b77568 elementor-widget-divider--view-line elementor-widget elementor-widget-divider\" data-id=\"3b77568\" data-element_type=\"widget\" data-widget_type=\"divider.default\">\n\t\t\t\t<div class=\"elementor-widget-container\">\n\t\t\t\t\t<div class=\"elementor-divider\">\n\t\t\t<span class=\"elementor-divider-separator\">\n\t\t\t\t\t\t<\/span>\n\t\t<\/div>\n\t\t\t\t<\/div>\n\t\t\t\t<\/div>\n\t\t\t\t<div class=\"elementor-element elementor-element-cc20c93 elementor-widget elementor-widget-text-editor\" data-id=\"cc20c93\" data-element_type=\"widget\" data-widget_type=\"text-editor.default\">\n\t\t\t\t<div class=\"elementor-widget-container\">\n\t\t\t\t\t\t\t<p>Szukasz <strong>ukrai\u0144skich pracownik\u00f3w<\/strong> o okre\u015blonych kwalifikacjach, kt\u00f3rzy stan\u0105 si\u0119 cz\u0119\u015bci\u0105 twojego zespo\u0142u? Zapewniamy kompleksowy proces rekrutacji: od poszukiwania odpowiednich kandydat\u00f3w i ich selekcji, po wsparcie w procedurach legalizacji pobytu i zatrudnienia w Polsce.<\/p><p>Skorzystanie z do\u015bwiadczenia naszej agencji pozwoli ci zaoszcz\u0119dzi\u0107 cenny czas, a tak\u017ce usprawni organizacj\u0119 pracy firmy.<\/p>\t\t\t\t\t\t<\/div>\n\t\t\t\t<\/div>\n\t\t\t\t<div class=\"elementor-element elementor-element-9b25f23 elementor-widget elementor-widget-heading\" data-id=\"9b25f23\" data-element_type=\"widget\" data-widget_type=\"heading.default\">\n\t\t\t\t<div class=\"elementor-widget-container\">\n\t\t\t<h3 class=\"elementor-heading-title elementor-size-default\">Outsourcing pracownik\u00f3w z Ukrainy<\/h3>\t\t<\/div>\n\t\t\t\t<\/div>\n\t\t\t\t<div class=\"elementor-element elementor-element-c1fda05 elementor-widget-divider--view-line elementor-widget elementor-widget-divider\" data-id=\"c1fda05\" data-element_type=\"widget\" data-widget_type=\"divider.default\">\n\t\t\t\t<div class=\"elementor-widget-container\">\n\t\t\t\t\t<div class=\"elementor-divider\">\n\t\t\t<span class=\"elementor-divider-separator\">\n\t\t\t\t\t\t<\/span>\n\t\t<\/div>\n\t\t\t\t<\/div>\n\t\t\t\t<\/div>\n\t\t\t\t<div class=\"elementor-element elementor-element-4249a71 elementor-widget elementor-widget-text-editor\" data-id=\"4249a71\" data-element_type=\"widget\" data-widget_type=\"text-editor.default\">\n\t\t\t\t<div class=\"elementor-widget-container\">\n\t\t\t\t\t\t\t<p>Chcesz oddelegowa\u0107 cz\u0119\u015b\u0107 zada\u0144, by skupi\u0107 si\u0119 na g\u0142\u00f3wnej dzia\u0142alno\u015bci swojej firmy i jej rozwoju? Przejmiemy procesy organizacyjne, gwarantuj\u0105c ca\u0142o\u015bciowy nadz\u00f3r nad ich przebiegiem i rezultatem.<\/p><p>Nasza agencja zatroszczy si\u0119 ca\u0142o\u015bciowo o formalno\u015bci zatrudnienia. Skorzystaj z naszego do\u015bwiadczenia w rekrutacji, zatrudnianiu i organizacji pracy.<\/p>\t\t\t\t\t\t<\/div>\n\t\t\t\t<\/div>\n\t\t\t\t<div class=\"elementor-element elementor-element-85ac179 elementor-widget elementor-widget-heading\" data-id=\"85ac179\" data-element_type=\"widget\" data-widget_type=\"heading.default\">\n\t\t\t\t<div class=\"elementor-widget-container\">\n\t\t\t<h3 class=\"elementor-heading-title elementor-size-default\">Dlaczego SAS? Co nas wyr\u00f3\u017cnia w\u015br\u00f3d innych agencji pracy?<\/h3>\t\t<\/div>\n\t\t\t\t<\/div>\n\t\t\t\t<div class=\"elementor-element elementor-element-eab079f elementor-widget-divider--view-line elementor-widget elementor-widget-divider\" data-id=\"eab079f\" data-element_type=\"widget\" data-widget_type=\"divider.default\">\n\t\t\t\t<div class=\"elementor-widget-container\">\n\t\t\t\t\t<div class=\"elementor-divider\">\n\t\t\t<span class=\"elementor-divider-separator\">\n\t\t\t\t\t\t<\/span>\n\t\t<\/div>\n\t\t\t\t<\/div>\n\t\t\t\t<\/div>\n\t\t\t\t<div class=\"elementor-element elementor-element-9161d7a elementor-widget elementor-widget-text-editor\" data-id=\"9161d7a\" data-element_type=\"widget\" data-widget_type=\"text-editor.default\">\n\t\t\t\t<div class=\"elementor-widget-container\">\n\t\t\t\t\t\t\t<p>Jeste\u015bmy agencj\u0105 pracy z 14-letnim do\u015bwiadczeniem, oferujemy us\u0142ugi z zakresu <strong>rekrutacji i zatrudniania pracownik\u00f3w z Ukrainy<\/strong> oraz outsourcingu pracy. Rekrutujemy do\u015bwiadczonych specjalist\u00f3w wykwalifikowanych w swojej bran\u017cy oraz zespo\u0142y do pracy niewymagaj\u0105cej okre\u015blonych umiej\u0119tno\u015bci. Wsp\u00f3\u0142pracujemy z wieloma przedsi\u0119biorstwami z sektora produkcji i us\u0142ug.<\/p><p>Zaufali nam najwi\u0119ksi pracodawcy w Polsce. Obecno\u015b\u0107 naszych rekruter\u00f3w na terenie Ukrainy daje nam mo\u017cliwo\u015b\u0107 aktywnej rekrutacji pracownik\u00f3w o r\u00f3\u017cnych kwalifikacjach i weryfikacji ich umiej\u0119tno\u015bci na miejscu.<\/p>\t\t\t\t\t\t<\/div>\n\t\t\t\t<\/div>\n\t\t\t\t<div class=\"elementor-element elementor-element-1cec026 elementor-widget elementor-widget-heading\" data-id=\"1cec026\" data-element_type=\"widget\" data-widget_type=\"heading.default\">\n\t\t\t\t<div class=\"elementor-widget-container\">\n\t\t\t<h3 class=\"elementor-heading-title elementor-size-default\">Pracownicy z Ukrainy, na kt\u00f3rych mo\u017cesz polega\u0107<\/h3>\t\t<\/div>\n\t\t\t\t<\/div>\n\t\t\t\t<div class=\"elementor-element elementor-element-1a30490 elementor-widget-divider--view-line elementor-widget elementor-widget-divider\" data-id=\"1a30490\" data-element_type=\"widget\" data-widget_type=\"divider.default\">\n\t\t\t\t<div class=\"elementor-widget-container\">\n\t\t\t\t\t<div class=\"elementor-divider\">\n\t\t\t<span class=\"elementor-divider-separator\">\n\t\t\t\t\t\t<\/span>\n\t\t<\/div>\n\t\t\t\t<\/div>\n\t\t\t\t<\/div>\n\t\t\t\t<div class=\"elementor-element elementor-element-5820a37 elementor-widget elementor-widget-text-editor\" data-id=\"5820a37\" data-element_type=\"widget\" data-widget_type=\"text-editor.default\">\n\t\t\t\t<div class=\"elementor-widget-container\">\n\t\t\t\t\t\t\t<p>Zrekrutuj z nami profesjonalny zesp\u00f3\u0142 odpowiedni do potrzeb twojej firmy i zapomnij o problemach kadrowych. Dzi\u0119ki wsp\u00f3\u0142pracy z agencj\u0105 SAS szybko skorzystasz z us\u0142ug sprawdzonych ukrai\u0144skich pracownik\u00f3w.<\/p><p>W firmach, z kt\u00f3rymi wsp\u00f3\u0142pracowali\u015bmy, rotacja <strong>pracownik\u00f3w z Ukrainy<\/strong> si\u0119ga\u0142a nieraz od 40 do 60% zatrudnionych. Powodem tego jest najcz\u0119\u015bciej niewystarczaj\u0105ce przygotowanie kandydat\u00f3w do pracy: brak wiedzy na temat warunk\u00f3w zatrudnienia, lokalizacji, zakwaterowania.<\/p><p>SAS dzia\u0142a r\u00f3wnie\u017c bezpo\u015brednio na terenie Ukrainy, co pomaga lepiej pozna\u0107 kompetencje, potrzeby i oczekiwania przysz\u0142ych pracownik\u00f3w, aby najlepiej dopasowa\u0107 ich do pracodawcy. Wp\u0142ywa to na ograniczenie rotacji, zapewnienie ci\u0105g\u0142o\u015bci produkcji i optymalizuje koszty funkcjonowania firmy.<\/p>\t\t\t\t\t\t<\/div>\n\t\t\t\t<\/div>\n\t\t\t\t<div class=\"elementor-element elementor-element-31465b4 elementor-widget elementor-widget-heading\" data-id=\"31465b4\" data-element_type=\"widget\" data-widget_type=\"heading.default\">\n\t\t\t\t<div class=\"elementor-widget-container\">\n\t\t\t<h3 class=\"elementor-heading-title elementor-size-default\">Zmagasz si\u0119 ze sta\u0142ymi lub sezonowymi brakami kadrowymi?<\/h3>\t\t<\/div>\n\t\t\t\t<\/div>\n\t\t\t\t<div class=\"elementor-element elementor-element-676dff3 elementor-widget-divider--view-line elementor-widget elementor-widget-divider\" data-id=\"676dff3\" data-element_type=\"widget\" data-widget_type=\"divider.default\">\n\t\t\t\t<div class=\"elementor-widget-container\">\n\t\t\t\t\t<div class=\"elementor-divider\">\n\t\t\t<span class=\"elementor-divider-separator\">\n\t\t\t\t\t\t<\/span>\n\t\t<\/div>\n\t\t\t\t<\/div>\n\t\t\t\t<\/div>\n\t\t\t\t<div class=\"elementor-element elementor-element-93a6146 elementor-widget elementor-widget-text-editor\" data-id=\"93a6146\" data-element_type=\"widget\" data-widget_type=\"text-editor.default\">\n\t\t\t\t<div class=\"elementor-widget-container\">\n\t\t\t\t\t\t\t<p>Niewystarczaj\u0105ca liczba <strong>pracownik\u00f3w z Ukrainy<\/strong> lub ich ograniczony czas pobytu w Polsce mo\u017ce powodowa\u0107 braki kadrowe. Wp\u0142ywa na to skomplikowana procedura legalizacji pobytu i pracy, a tak\u017ce niewystarczaj\u0105ca dba\u0142o\u015b\u0107 o formalno\u015bci ze strony po\u015brednik\u00f3w. W SAS wiemy, \u017ce najprostsza i najcz\u0119\u015bciej wybierana forma legalizacji zmusza pracownik\u00f3w do opuszczenia kraju po 3 lub 6 miesi\u0105cach, dlatego zapewniamy im pe\u0142ne wsparcie w legalizacji pobytu i zatrudnienia.<\/p><p>Nasze zaplecze prawne i do\u015bwiadczenie pomagaj\u0105 szybko za\u0142atwi\u0107 formalno\u015bci, dzi\u0119ki czemu w kr\u00f3tkim czasie mo\u017cemy zako\u0144czy\u0107 proces i udost\u0119pni\u0107 <strong>ukrai\u0144skich pracownik\u00f3w, a rekrutacja pracownik\u00f3w z Ukrainy przebiegnie szybko i bez \u017cadnych problem\u00f3w<\/strong>.<\/p>\t\t\t\t\t\t<\/div>\n\t\t\t\t<\/div>\n\t\t\t\t<div class=\"elementor-element elementor-element-1055546 elementor-widget elementor-widget-heading\" data-id=\"1055546\" data-element_type=\"widget\" data-widget_type=\"heading.default\">\n\t\t\t\t<div class=\"elementor-widget-container\">\n\t\t\t<h3 class=\"elementor-heading-title elementor-size-default\">Niewystarczaj\u0105ce kwalifikacje rzutuj\u0105 na efekty i jako\u015b\u0107 pracy?<\/h3>\t\t<\/div>\n\t\t\t\t<\/div>\n\t\t\t\t<div class=\"elementor-element elementor-element-be7bc58 elementor-widget-divider--view-line elementor-widget elementor-widget-divider\" data-id=\"be7bc58\" data-element_type=\"widget\" data-widget_type=\"divider.default\">\n\t\t\t\t<div class=\"elementor-widget-container\">\n\t\t\t\t\t<div class=\"elementor-divider\">\n\t\t\t<span class=\"elementor-divider-separator\">\n\t\t\t\t\t\t<\/span>\n\t\t<\/div>\n\t\t\t\t<\/div>\n\t\t\t\t<\/div>\n\t\t\t\t<div class=\"elementor-element elementor-element-280bd58 elementor-widget elementor-widget-text-editor\" data-id=\"280bd58\" data-element_type=\"widget\" data-widget_type=\"text-editor.default\">\n\t\t\t\t<div class=\"elementor-widget-container\">\n\t\t\t\t\t\t\t<p>W przypadku wielu zawod\u00f3w wymagaj\u0105cych przyuczenia, wykszta\u0142cenia kierunkowego lub do\u015bwiadczenia pracodawcy zmagaj\u0105 si\u0119 z luk\u0105 kompetencyjn\u0105. Dotyczy to cz\u0119sto tak wa\u017cnych dla produkcji zawod\u00f3w, jak spawacze, \u015blusarze, operatorzy w\u00f3zk\u00f3w wid\u0142owych i maszyn.<\/p><p>Aby spe\u0142ni\u0107 oczekiwania naszych klient\u00f3w i ograniczy\u0107 czas wdro\u017cenia w obowi\u0105zki u nowego pracodawcy, w trakcie rekrutacji sprawdzamy umiej\u0119tno\u015bci kandydata ju\u017c na pocz\u0105tku procesu, aby mie\u0107 pewno\u015b\u0107, \u017ce kwalifikacje pracownik\u00f3w b\u0119d\u0105 odpowiada\u0142y potrzebom twojej firmy.<\/p>\t\t\t\t\t\t<\/div>\n\t\t\t\t<\/div>\n\t\t\t\t\t<\/div>\n\t\t<\/div>\n\t\t\t\t\t\t\t<\/div>\n\t\t<\/section>\n\t\t\t\t\t<\/div>\n\t\t<\/div>\n\t\t\t\t\t\t\t<\/div>\n\t\t<\/section>\n\t\t\t\t\t\t\t<\/div>","protected":false},"excerpt":{"rendered":"<p>Pracownicy sezonowi z Ukrainy rola agencji pracy Pracownicy z Ukrainy w firmie. Jak uzyska\u0107 wsparcie w zatrudnieniu obcokrajowc\u00f3w? Twoja firma do\u015bwiadcza brak\u00f3w kadrowych? Je\u015bli chcesz zatrudni\u0107 pracownik\u00f3w tymczasowych nie obci\u0105\u017caj\u0105c zbytnio bud\u017cetu, skorzystaj z firmy zewn\u0119trznej. Zyskaj pe\u0142ne wsparcie w rekrutacji i zatrudnieniu pracownik\u00f3w z Ukrainy. SAS &#8211; kim jeste\u015bmy i czym si\u0119 zajmujemy? Jeste\u015bmy [&hellip;]<\/p>","protected":false},"author":1,"featured_media":0,"parent":0,"menu_order":0,"comment_status":"closed","ping_status":"closed","template":"","meta":{"footnotes":""},"class_list":["post-867","page","type-page","status-publish","hentry"],"_links":{"self":[{"href":"https:\/\/saslogistic.pl\/cs\/wp-json\/wp\/v2\/pages\/867","targetHints":{"allow":["GET"]}}],"collection":[{"href":"https:\/\/saslogistic.pl\/cs\/wp-json\/wp\/v2\/pages"}],"about":[{"href":"https:\/\/saslogistic.pl\/cs\/wp-json\/wp\/v2\/types\/page"}],"author":[{"embeddable":true,"href":"https:\/\/saslogistic.pl\/cs\/wp-json\/wp\/v2\/users\/1"}],"replies":[{"embeddable":true,"href":"https:\/\/saslogistic.pl\/cs\/wp-json\/wp\/v2\/comments?post=867"}],"version-history":[{"count":98,"href":"https:\/\/saslogistic.pl\/cs\/wp-json\/wp\/v2\/pages\/867\/revisions"}],"predecessor-version":[{"id":2188,"href":"https:\/\/saslogistic.pl\/cs\/wp-json\/wp\/v2\/pages\/867\/revisions\/2188"}],"wp:attachment":[{"href":"https:\/\/saslogistic.pl\/cs\/wp-json\/wp\/v2\/media?parent=867"}],"curies":[{"name":"wp","href":"https:\/\/api.w.org\/{rel}","templated":true}]}}