{"id":869,"date":"2021-10-08T11:02:04","date_gmt":"2021-10-08T09:02:04","guid":{"rendered":"https:\/\/cpsystem2.kylos.pl\/saslogistic.pl\/?page_id=869"},"modified":"2022-05-02T07:23:57","modified_gmt":"2022-05-02T05:23:57","slug":"outsourcing-pracownikow","status":"publish","type":"page","link":"https:\/\/saslogistic.pl\/cs\/outsourcing-pracownikow\/","title":{"rendered":"Outsourcing pracownik\u00f3w"},"content":{"rendered":"<div data-elementor-type=\"wp-page\" data-elementor-id=\"869\" class=\"elementor elementor-869\" data-elementor-post-type=\"page\">\n\t\t\t\t\t\t\t\t\t<section class=\"elementor-section elementor-top-section elementor-element elementor-element-44ed8ea elementor-section-height-min-height elementor-section-items-bottom elementor-section-boxed elementor-section-height-default\" data-id=\"44ed8ea\" data-element_type=\"section\" data-settings=\"{&quot;background_background&quot;:&quot;classic&quot;}\">\n\t\t\t\t\t\t<div class=\"elementor-container elementor-column-gap-default\">\n\t\t\t\t\t<div class=\"elementor-column elementor-col-50 elementor-top-column elementor-element elementor-element-47ec6aa\" data-id=\"47ec6aa\" data-element_type=\"column\">\n\t\t\t<div class=\"elementor-widget-wrap elementor-element-populated\">\n\t\t\t\t\t\t\t\t<div class=\"elementor-element elementor-element-b272a36 elementor-widget elementor-widget-heading\" data-id=\"b272a36\" data-element_type=\"widget\" data-widget_type=\"heading.default\">\n\t\t\t\t<div class=\"elementor-widget-container\">\n\t\t\t<style>\/*! elementor - v3.18.0 - 08-12-2023 *\/\n.elementor-heading-title{padding:0;margin:0;line-height:1}.elementor-widget-heading .elementor-heading-title[class*=elementor-size-]>a{color:inherit;font-size:inherit;line-height:inherit}.elementor-widget-heading .elementor-heading-title.elementor-size-small{font-size:15px}.elementor-widget-heading .elementor-heading-title.elementor-size-medium{font-size:19px}.elementor-widget-heading .elementor-heading-title.elementor-size-large{font-size:29px}.elementor-widget-heading .elementor-heading-title.elementor-size-xl{font-size:39px}.elementor-widget-heading .elementor-heading-title.elementor-size-xxl{font-size:59px}<\/style><h1 class=\"elementor-heading-title elementor-size-default\">Outsourcing pracownik\u00f3w<\/h1>\t\t<\/div>\n\t\t\t\t<\/div>\n\t\t\t\t<div class=\"elementor-element elementor-element-5bef755 elementor-widget elementor-widget-shortcode\" data-id=\"5bef755\" data-element_type=\"widget\" data-widget_type=\"shortcode.default\">\n\t\t\t\t<div class=\"elementor-widget-container\">\n\t\t\t\t\t<div class=\"elementor-shortcode\"><nav aria-label=\"breadcrumbs\" class=\"rank-math-breadcrumb\"><p><span class=\"last\">Start<\/span><\/p><\/nav><\/div>\n\t\t\t\t<\/div>\n\t\t\t\t<\/div>\n\t\t\t\t\t<\/div>\n\t\t<\/div>\n\t\t\t\t<div class=\"elementor-column elementor-col-50 elementor-top-column elementor-element elementor-element-4b2db54\" data-id=\"4b2db54\" data-element_type=\"column\">\n\t\t\t<div class=\"elementor-widget-wrap\">\n\t\t\t\t\t\t\t\t\t<\/div>\n\t\t<\/div>\n\t\t\t\t\t\t\t<\/div>\n\t\t<\/section>\n\t\t\t\t<section class=\"elementor-section elementor-top-section elementor-element elementor-element-f07d7b0 elementor-section-boxed elementor-section-height-default elementor-section-height-default\" data-id=\"f07d7b0\" data-element_type=\"section\" data-settings=\"{&quot;background_background&quot;:&quot;classic&quot;}\">\n\t\t\t\t\t\t<div class=\"elementor-container elementor-column-gap-extended\">\n\t\t\t\t\t<div class=\"elementor-column elementor-col-100 elementor-top-column elementor-element elementor-element-3905a0b\" data-id=\"3905a0b\" data-element_type=\"column\">\n\t\t\t<div class=\"elementor-widget-wrap elementor-element-populated\">\n\t\t\t\t\t\t\t\t<section class=\"elementor-section elementor-inner-section elementor-element elementor-element-ab33d4e elementor-section-boxed elementor-section-height-default elementor-section-height-default\" data-id=\"ab33d4e\" data-element_type=\"section\" data-settings=\"{&quot;background_background&quot;:&quot;classic&quot;,&quot;shape_divider_bottom&quot;:&quot;tilt&quot;}\">\n\t\t\t\t\t<div class=\"elementor-shape elementor-shape-bottom\" data-negative=\"false\">\n\t\t\t<svg xmlns=\"http:\/\/www.w3.org\/2000\/svg\" viewbox=\"0 0 1000 100\" preserveaspectratio=\"none\">\n\t<path class=\"elementor-shape-fill\" d=\"M0,6V0h1000v100L0,6z\"\/>\n<\/svg>\t\t<\/div>\n\t\t\t\t\t<div class=\"elementor-container elementor-column-gap-no\">\n\t\t\t\t\t<div class=\"elementor-column elementor-col-100 elementor-inner-column elementor-element elementor-element-b3b03df\" data-id=\"b3b03df\" data-element_type=\"column\">\n\t\t\t<div class=\"elementor-widget-wrap elementor-element-populated\">\n\t\t\t\t\t\t\t\t<div class=\"elementor-element elementor-element-57cb289 elementor-widget elementor-widget-text-editor\" data-id=\"57cb289\" data-element_type=\"widget\" data-widget_type=\"text-editor.default\">\n\t\t\t\t<div class=\"elementor-widget-container\">\n\t\t\t<style>\/*! elementor - v3.18.0 - 08-12-2023 *\/\n.elementor-widget-text-editor.elementor-drop-cap-view-stacked .elementor-drop-cap{background-color:#69727d;color:#fff}.elementor-widget-text-editor.elementor-drop-cap-view-framed .elementor-drop-cap{color:#69727d;border:3px solid;background-color:transparent}.elementor-widget-text-editor:not(.elementor-drop-cap-view-default) .elementor-drop-cap{margin-top:8px}.elementor-widget-text-editor:not(.elementor-drop-cap-view-default) .elementor-drop-cap-letter{width:1em;height:1em}.elementor-widget-text-editor .elementor-drop-cap{float:left;text-align:center;line-height:1;font-size:50px}.elementor-widget-text-editor .elementor-drop-cap-letter{display:inline-block}<\/style>\t\t\t\t<p>Chcesz zoptymalizowa\u0107 organizacj\u0119 pracy w swojej firmie? SAS \u015bwiadczy kompleksowe us\u0142ugi zwi\u0105zane z codzienn\u0105 obs\u0142ug\u0105 biznesu. Pomo\u017cemy twojej firmie chwyci\u0107 wiatr w \u017cagle i usprawni\u0107 procesy produkcyjne, gwarantuj\u0105c wsparcie naszych pracownik\u00f3w.<\/p>\t\t\t\t\t\t<\/div>\n\t\t\t\t<\/div>\n\t\t\t\t<div class=\"elementor-element elementor-element-bdb102b elementor-widget elementor-widget-heading\" data-id=\"bdb102b\" data-element_type=\"widget\" data-widget_type=\"heading.default\">\n\t\t\t\t<div class=\"elementor-widget-container\">\n\t\t\t<h2 class=\"elementor-heading-title elementor-size-default\">Outsourcing pracowniczy \u2013 co to jest?<\/h2>\t\t<\/div>\n\t\t\t\t<\/div>\n\t\t\t\t<div class=\"elementor-element elementor-element-5419216 elementor-widget-divider--view-line elementor-widget elementor-widget-divider\" data-id=\"5419216\" data-element_type=\"widget\" data-widget_type=\"divider.default\">\n\t\t\t\t<div class=\"elementor-widget-container\">\n\t\t\t<style>\/*! elementor - v3.18.0 - 08-12-2023 *\/\n.elementor-widget-divider{--divider-border-style:none;--divider-border-width:1px;--divider-color:#0c0d0e;--divider-icon-size:20px;--divider-element-spacing:10px;--divider-pattern-height:24px;--divider-pattern-size:20px;--divider-pattern-url:none;--divider-pattern-repeat:repeat-x}.elementor-widget-divider .elementor-divider{display:flex}.elementor-widget-divider .elementor-divider__text{font-size:15px;line-height:1;max-width:95%}.elementor-widget-divider .elementor-divider__element{margin:0 var(--divider-element-spacing);flex-shrink:0}.elementor-widget-divider .elementor-icon{font-size:var(--divider-icon-size)}.elementor-widget-divider .elementor-divider-separator{display:flex;margin:0;direction:ltr}.elementor-widget-divider--view-line_icon .elementor-divider-separator,.elementor-widget-divider--view-line_text .elementor-divider-separator{align-items:center}.elementor-widget-divider--view-line_icon .elementor-divider-separator:after,.elementor-widget-divider--view-line_icon .elementor-divider-separator:before,.elementor-widget-divider--view-line_text .elementor-divider-separator:after,.elementor-widget-divider--view-line_text .elementor-divider-separator:before{display:block;content:\"\";border-bottom:0;flex-grow:1;border-top:var(--divider-border-width) var(--divider-border-style) var(--divider-color)}.elementor-widget-divider--element-align-left .elementor-divider .elementor-divider-separator>.elementor-divider__svg:first-of-type{flex-grow:0;flex-shrink:100}.elementor-widget-divider--element-align-left .elementor-divider-separator:before{content:none}.elementor-widget-divider--element-align-left .elementor-divider__element{margin-left:0}.elementor-widget-divider--element-align-right .elementor-divider .elementor-divider-separator>.elementor-divider__svg:last-of-type{flex-grow:0;flex-shrink:100}.elementor-widget-divider--element-align-right .elementor-divider-separator:after{content:none}.elementor-widget-divider--element-align-right .elementor-divider__element{margin-right:0}.elementor-widget-divider:not(.elementor-widget-divider--view-line_text):not(.elementor-widget-divider--view-line_icon) .elementor-divider-separator{border-top:var(--divider-border-width) var(--divider-border-style) var(--divider-color)}.elementor-widget-divider--separator-type-pattern{--divider-border-style:none}.elementor-widget-divider--separator-type-pattern.elementor-widget-divider--view-line .elementor-divider-separator,.elementor-widget-divider--separator-type-pattern:not(.elementor-widget-divider--view-line) .elementor-divider-separator:after,.elementor-widget-divider--separator-type-pattern:not(.elementor-widget-divider--view-line) .elementor-divider-separator:before,.elementor-widget-divider--separator-type-pattern:not([class*=elementor-widget-divider--view]) .elementor-divider-separator{width:100%;min-height:var(--divider-pattern-height);-webkit-mask-size:var(--divider-pattern-size) 100%;mask-size:var(--divider-pattern-size) 100%;-webkit-mask-repeat:var(--divider-pattern-repeat);mask-repeat:var(--divider-pattern-repeat);background-color:var(--divider-color);-webkit-mask-image:var(--divider-pattern-url);mask-image:var(--divider-pattern-url)}.elementor-widget-divider--no-spacing{--divider-pattern-size:auto}.elementor-widget-divider--bg-round{--divider-pattern-repeat:round}.rtl .elementor-widget-divider .elementor-divider__text{direction:rtl}.e-con-inner>.elementor-widget-divider,.e-con>.elementor-widget-divider{width:var(--container-widget-width,100%);--flex-grow:var(--container-widget-flex-grow)}<\/style>\t\t<div class=\"elementor-divider\">\n\t\t\t<span class=\"elementor-divider-separator\">\n\t\t\t\t\t\t<\/span>\n\t\t<\/div>\n\t\t\t\t<\/div>\n\t\t\t\t<\/div>\n\t\t\t\t<div class=\"elementor-element elementor-element-00688a4 elementor-widget elementor-widget-text-editor\" data-id=\"00688a4\" data-element_type=\"widget\" data-widget_type=\"text-editor.default\">\n\t\t\t\t<div class=\"elementor-widget-container\">\n\t\t\t\t\t\t\t<p>Agencja SAS zajmuje si\u0119 profesjonalnym outsourcingiem pracownik\u00f3w. \u015awiadczymy us\u0142ugi polegaj\u0105ce na wsparcie twojej kadry naszymi pracownikami. Dzi\u0119ki temu produkcja w przedsi\u0119biorstwie b\u0119dzie przebiega\u0107 szybciej, ni\u017c do tej pory. Zwi\u0119kszenie mocy przerobowej u\u0142atwi ci podj\u0119cie wi\u0119kszych projekt\u00f3w, bez obawy o terminowo\u015b\u0107. Skorzystaj z outsourcingu pracowniczego, by m\u00f3c rozwija\u0107 sw\u00f3j biznes. My zajmiemy si\u0119 dostarczeniem profesjonalnych pracownik\u00f3w, a ty b\u0119dziesz mia\u0142 wi\u0119cej zasob\u00f3w aby skoncentrowa\u0107 si\u0119 na g\u0142\u00f3wnych zadaniach oraz rozwoju swojej dzia\u0142alno\u015bci.<\/p>\t\t\t\t\t\t<\/div>\n\t\t\t\t<\/div>\n\t\t\t\t<div class=\"elementor-element elementor-element-743bce4 elementor-widget elementor-widget-heading\" data-id=\"743bce4\" data-element_type=\"widget\" data-widget_type=\"heading.default\">\n\t\t\t\t<div class=\"elementor-widget-container\">\n\t\t\t<h3 class=\"elementor-heading-title elementor-size-default\">Co zyskujesz dzi\u0119ki outsourcingowi pracownik\u00f3w z SAS?<\/h3>\t\t<\/div>\n\t\t\t\t<\/div>\n\t\t\t\t<div class=\"elementor-element elementor-element-a0fe15a elementor-widget-divider--view-line elementor-widget elementor-widget-divider\" data-id=\"a0fe15a\" data-element_type=\"widget\" data-widget_type=\"divider.default\">\n\t\t\t\t<div class=\"elementor-widget-container\">\n\t\t\t\t\t<div class=\"elementor-divider\">\n\t\t\t<span class=\"elementor-divider-separator\">\n\t\t\t\t\t\t<\/span>\n\t\t<\/div>\n\t\t\t\t<\/div>\n\t\t\t\t<\/div>\n\t\t\t\t<div class=\"elementor-element elementor-element-5ac33f1 elementor-widget elementor-widget-text-editor\" data-id=\"5ac33f1\" data-element_type=\"widget\" data-widget_type=\"text-editor.default\">\n\t\t\t\t<div class=\"elementor-widget-container\">\n\t\t\t\t\t\t\t<p>Outsourcing pracy polega na przekazaniu cz\u0119\u015bci zada\u0144 i proces\u00f3w produkcyjnych firmy, zewn\u0119trznym podmiotom. Nasi pracownicy podejm\u0105 zadania w twojej firmie w zakresie produkcji i bie\u017c\u0105cej obs\u0142ugi. SAS to profesjonalny i do\u015bwiadczony zesp\u00f3\u0142, kt\u00f3ry zapewnia profesjonaln\u0105 kadr\u0119 i wspiera twoj\u0105 firm\u0119 w organizacji i optymalizacji procesu produkcyjnego. Wszystkie te us\u0142ugi s\u0105 zawarte w umowie outsourcingu pracowniczego.<\/p><p>Korzy\u015bci p\u0142yn\u0105ce z outsourcingu pracownik\u00f3w to przede wszystkim ograniczenie ryzyka operacyjnego oraz optymizacja koszt\u00f3w dzia\u0142alno\u015bci. Przejmujemy zadania w twojej firmie i udzielamy ci wsparcia na ka\u017cdym etapie produkcji, a ty mo\u017cesz skupi\u0107 si\u0119 na rozwoju dzia\u0142alno\u015bci i anga\u017cowa\u0107 si\u0119 w nowe projekty. Dzi\u0119ki us\u0142ugom outsourcingu w twojej firmie nie zabraknie r\u0105k do pracy<\/p>\t\t\t\t\t\t<\/div>\n\t\t\t\t<\/div>\n\t\t\t\t\t<\/div>\n\t\t<\/div>\n\t\t\t\t\t\t\t<\/div>\n\t\t<\/section>\n\t\t\t\t\t<\/div>\n\t\t<\/div>\n\t\t\t\t\t\t\t<\/div>\n\t\t<\/section>\n\t\t\t\t\t\t\t<\/div>","protected":false},"excerpt":{"rendered":"<p>Outsourcing pracownik\u00f3w Chcesz zoptymalizowa\u0107 organizacj\u0119 pracy w swojej firmie? SAS \u015bwiadczy kompleksowe us\u0142ugi zwi\u0105zane z codzienn\u0105 obs\u0142ug\u0105 biznesu. Pomo\u017cemy twojej firmie chwyci\u0107 wiatr w \u017cagle i usprawni\u0107 procesy produkcyjne, gwarantuj\u0105c wsparcie naszych pracownik\u00f3w. Outsourcing pracowniczy \u2013 co to jest? Agencja SAS zajmuje si\u0119 profesjonalnym outsourcingiem pracownik\u00f3w. \u015awiadczymy us\u0142ugi polegaj\u0105ce na wsparcie twojej kadry naszymi pracownikami. [&hellip;]<\/p>","protected":false},"author":1,"featured_media":0,"parent":0,"menu_order":0,"comment_status":"closed","ping_status":"closed","template":"","meta":{"footnotes":""},"class_list":["post-869","page","type-page","status-publish","hentry"],"_links":{"self":[{"href":"https:\/\/saslogistic.pl\/cs\/wp-json\/wp\/v2\/pages\/869","targetHints":{"allow":["GET"]}}],"collection":[{"href":"https:\/\/saslogistic.pl\/cs\/wp-json\/wp\/v2\/pages"}],"about":[{"href":"https:\/\/saslogistic.pl\/cs\/wp-json\/wp\/v2\/types\/page"}],"author":[{"embeddable":true,"href":"https:\/\/saslogistic.pl\/cs\/wp-json\/wp\/v2\/users\/1"}],"replies":[{"embeddable":true,"href":"https:\/\/saslogistic.pl\/cs\/wp-json\/wp\/v2\/comments?post=869"}],"version-history":[{"count":55,"href":"https:\/\/saslogistic.pl\/cs\/wp-json\/wp\/v2\/pages\/869\/revisions"}],"predecessor-version":[{"id":1859,"href":"https:\/\/saslogistic.pl\/cs\/wp-json\/wp\/v2\/pages\/869\/revisions\/1859"}],"wp:attachment":[{"href":"https:\/\/saslogistic.pl\/cs\/wp-json\/wp\/v2\/media?parent=869"}],"curies":[{"name":"wp","href":"https:\/\/api.w.org\/{rel}","templated":true}]}}